{"id":11627,"date":"2024-05-15T10:08:34","date_gmt":"2024-05-15T08:08:34","guid":{"rendered":"https:\/\/ps.roly24.com\/?post_type=product&#038;p=11627"},"modified":"2026-04-03T10:01:02","modified_gmt":"2026-04-03T08:01:02","slug":"liivit-oslo","status":"publish","type":"product","link":"https:\/\/ps.roly24.com\/index.php\/tuote\/liivit-oslo\/","title":{"rendered":"PS Oslo -liivi \u2013 Perussuomalaiset Toppa-liivi"},"content":{"rendered":"<p><strong>Tuotenumero 500807<\/strong><\/p>\n<h2><strong>PS Oslo -liivi \u2013 Perussuomalaiset Toppa-liivi <\/strong><\/h2>\n<p>PS Oslo -liivi on kevyt ja monik\u00e4ytt\u00f6inen pehmustettu gilet-liivi, joka on personoitu Perussuomalaisten ilmeell\u00e4 j\u00e4senk\u00e4ytt\u00f6\u00f6n. T\u00e4m\u00e4 Perussuomalaiset liivi sopii erinomaisesti kerrospukeutumiseen, tapahtumiin, kampanjointiin sek\u00e4 vapaa-aikaan.<\/p>\n<p>Liivi perustuu laadukkaaseen Oslo-malliin, jota k\u00e4ytet\u00e4\u00e4n laajasti yritys- ja ty\u00f6vaatteissa. T\u00e4ss\u00e4 versiossa liivi toimitetaan valmiiksi Perussuomalaiset-painatuksella, jolloin se toimii yhten\u00e4isen\u00e4 ja edustavana j\u00e4senvaatteena.<\/p>\n<p><strong>Kevyt ja k\u00e4yt\u00e4nn\u00f6llinen liivi ymp\u00e4ri vuoden <\/strong><\/p>\n<p>Oslo-liivi on suunniteltu tarjoamaan l\u00e4mp\u00f6\u00e4 ilman hihojen tuomaa rajoitetta, mik\u00e4 tekee siit\u00e4 erinomaisen valinnan aktiiviseen k\u00e4ytt\u00f6\u00f6n ja kerrospukeutumiseen.<\/p>\n<p>Liiviss\u00e4 on:<\/p>\n<ul>\n<li>k\u00e4\u00e4nteinen vetoketju leukasuojalla<\/li>\n<li>vetoketjulliset sivutaskut<\/li>\n<li>joustava reunus helmassa ja k\u00e4denteiss\u00e4<\/li>\n<li>kontrastinen sis\u00e4vuori<\/li>\n<\/ul>\n<p>Kevyt h\u00f6yhenefekti-eristys tekee liivist\u00e4 l\u00e4mpim\u00e4n mutta helposti mukana kuljetettavan.<\/p>\n<p><strong>Personoitu Perussuomalaiset liivi <\/strong><\/p>\n<p>T\u00e4m\u00e4 liivi toimitetaan aina valmiiksi Perussuomalaiset-painatuksella.<\/p>\n<p>Lis\u00e4ksi voit tilata liiviin lis\u00e4personointeja:<\/p>\n<ul>\n<li>oma nimi (rintaan tai selk\u00e4\u00e4n)<\/li>\n<li>lis\u00e4tekstit tai grafiikat<\/li>\n<\/ul>\n<p>Lis\u00e4painatukset toteutetaan lis\u00e4kustannuksella.<\/p>\n<p><strong>Liivin ominaisuudet <\/strong><\/p>\n<ul>\n<li>Kevyt pehmustettu gilet-liivi<\/li>\n<li>H\u00f6yhenefekti-pehmuste<\/li>\n<li>Vedenkest\u00e4v\u00e4 ja tuulenpit\u00e4v\u00e4<\/li>\n<li>Helposti taitettava ja mukana kuljetettava<\/li>\n<li>Sporttinen ja moderni ulkon\u00e4k\u00f6<\/li>\n<li>Toimitetaan Perussuomalaiset-painatuksella<\/li>\n<\/ul>\n<p><strong>Materiaalit <\/strong><\/p>\n<ul>\n<li>Kuori: 100 % polyesteri (300T)<\/li>\n<li>Vuori: 100 % polyesteri<\/li>\n<li>T\u00e4yte: 100 % polyesteri (h\u00f6yhenefekti)<\/li>\n<li>Paino: 290 g\/m\u00b2<\/li>\n<\/ul>\n<p><strong>Toimitusaika <\/strong><\/p>\n<p>Arvioitu toimitusaika noin 1 viikko.<\/p>\n<p><strong>Huomio tuotteesta <\/strong><\/p>\n<p>T\u00e4m\u00e4 on personoitu Perussuomalaiset liivi, joka on tarkoitettu j\u00e4senk\u00e4ytt\u00f6\u00f6n.<\/p>\n<p><strong>K\u00e4ytt\u00f6kohteet <\/strong><\/p>\n<ul>\n<li>Perussuomalaisten tapahtumat<\/li>\n<li>kampanjointi ja vaality\u00f6<\/li>\n<li>yhdistystoiminta<\/li>\n<li>ulkoilu ja vapaa-aika<\/li>\n<\/ul>\n<h3><strong>FAQ \u2013 Perussuomalaiset liivi <\/strong><\/h3>\n<p><strong>Voiko t\u00e4m\u00e4n liivin tilata ilman painatusta? <\/strong>Ei. T\u00e4m\u00e4 tuote toimitetaan aina Perussuomalaiset-painatuksella. Painamaton versio on saatavilla erikseen Roly24.com-verkkokaupasta.<\/p>\n<p><strong>Voiko liiviin lis\u00e4t\u00e4 oman nimen? <\/strong>Kyll\u00e4. Nimi ja muut lis\u00e4painatukset ovat saatavilla lis\u00e4kustannuksella.<\/p>\n<p><strong>Onko liivi vedenkest\u00e4v\u00e4 ja tuulenpit\u00e4v\u00e4? <\/strong>Kyll\u00e4. Liivi soveltuu hyvin ulkok\u00e4ytt\u00f6\u00f6n vaihtelevissa s\u00e4\u00e4olosuhteissa.<\/p>\n<p><strong>Onko liivi l\u00e4mmin? <\/strong>Kyll\u00e4. Kevyt h\u00f6yhenefekti-eristys tarjoaa hyv\u00e4n l\u00e4mm\u00f6neristyksen ilman raskautta.<\/p>\n<div data-v-5ec54137=\"\"><img decoding=\"async\" class=\"mr-1 grey\" title=\"40\u00ba wash max\" src=\"https:\/\/static.gorfactory.es\/images\/icons\/20221116171353_Lavar-40-max.png\" alt=\"40\u00ba wash max\" width=\"40\" height=\"40\" data-v-6089ed0a=\"\" data-v-636bb056=\"\" \/><img decoding=\"async\" class=\"mr-1 grey\" title=\"Do not bleach\" src=\"https:\/\/static.gorfactory.es\/images\/icons\/20220914110315_No%20usar%20blanqueador.png\" alt=\"Do not bleach\" width=\"40\" height=\"40\" data-v-6089ed0a=\"\" data-v-636bb056=\"\" \/><img decoding=\"async\" class=\"mr-1 grey\" title=\"Iron at medium temperature (Max. 150\u00ba)\" src=\"https:\/\/static.gorfactory.es\/images\/icons\/20221110105823_Planchar-Max%20150.png\" alt=\"Iron at medium temperature (Max. 150\u00ba)\" width=\"40\" height=\"40\" data-v-6089ed0a=\"\" data-v-636bb056=\"\" \/><img loading=\"lazy\" decoding=\"async\" class=\"mr-1 grey\" title=\"Do not dry clean\" src=\"https:\/\/static.gorfactory.es\/images\/icons\/20220914110151_No%20lavar%20en%20seco.png\" alt=\"Do not dry clean\" width=\"40\" height=\"40\" data-v-6089ed0a=\"\" data-v-636bb056=\"\" \/><img loading=\"lazy\" decoding=\"async\" class=\"mr-1 grey\" title=\"Do not tumble dry\" src=\"https:\/\/static.gorfactory.es\/images\/icons\/20220914110302_No%20secar%20en%20secadora.png\" alt=\"Do not tumble dry\" width=\"40\" height=\"40\" data-v-6089ed0a=\"\" data-v-636bb056=\"\" \/><\/div>\n<div data-v-5ec54137=\"\"><\/div>\n<table id=\"size_chart\" class=\"table table-responsive\" style=\"height: 265px;\" width=\"203\" cellspacing=\"0\" cellpadding=\"0\">\n<tbody>\n<tr>\n<th>Koko<\/th>\n<th><img decoding=\"async\" src=\"https:\/\/wordans-a1a5.kxcdn.com\/images\/wordans2010\/length.png\" alt=\"Length\" \/>\u00a0<label id=\"lengthLabel\">Pituus<\/label><\/th>\n<th><img decoding=\"async\" src=\"https:\/\/wordans-a1a5.kxcdn.com\/images\/wordans2010\/width.png\" alt=\"Width\" \/>\u00a0<label id=\"widthLabel\">Leveys<\/label><\/th>\n<\/tr>\n<tr>\n<td>S<\/td>\n<td>66<\/td>\n<td>53<\/td>\n<\/tr>\n<tr>\n<td>M<\/td>\n<td>68<\/td>\n<td>55,5<\/td>\n<\/tr>\n<tr>\n<td>L<\/td>\n<td>70<\/td>\n<td>58<\/td>\n<\/tr>\n<tr>\n<td>XL<\/td>\n<td>72<\/td>\n<td>61,5<\/td>\n<\/tr>\n<tr>\n<td>2XL<\/td>\n<td>74<\/td>\n<td>65<\/td>\n<\/tr>\n<tr>\n<td>3XL<\/td>\n<td>75<\/td>\n<td>69<\/td>\n<\/tr>\n<tr>\n<td>4XL<\/td>\n<td>76<\/td>\n<td>73<\/td>\n<\/tr>\n<tr>\n<td>5XL<\/td>\n<td>&#8211;<\/td>\n<td>&#8211;<\/td>\n<\/tr>\n<\/tbody>\n<\/table>\n<p>&nbsp;<\/p>\n","protected":false},"excerpt":{"rendered":"<p>Tuotenumero 500807 PS Oslo -liivi \u2013 Perussuomalaiset Toppa-liivi PS Oslo -liivi on kevyt ja monik\u00e4ytt\u00f6inen pehmustettu gilet-liivi, joka on personoitu Perussuomalaisten ilmeell\u00e4 j\u00e4senk\u00e4ytt\u00f6\u00f6n. T\u00e4m\u00e4 Perussuomalaiset liivi sopii erinomaisesti kerrospukeutumiseen, tapahtumiin, kampanjointiin sek\u00e4 vapaa-aikaan. Liivi perustuu laadukkaaseen Oslo-malliin, jota k\u00e4ytet\u00e4\u00e4n laajasti yritys- ja ty\u00f6vaatteissa. T\u00e4ss\u00e4 versiossa liivi toimitetaan valmiiksi Perussuomalaiset-painatuksella, jolloin se toimii yhten\u00e4isen\u00e4 ja edustavana [&hellip;]<\/p>\n","protected":false},"featured_media":22642,"template":"","meta":{"_acf_changed":false,"om_disable_all_campaigns":false,"_monsterinsights_skip_tracking":false,"_monsterinsights_sitenote_active":false,"_monsterinsights_sitenote_note":"","_monsterinsights_sitenote_category":0},"product_brand":[],"product_cat":[486,501,659],"product_tag":[175,546,298],"class_list":{"0":"post-11627","1":"product","2":"type-product","3":"status-publish","4":"has-post-thumbnail","6":"product_cat-liivit","7":"product_cat-rolyliivit","8":"product_cat-persut","9":"product_tag-liivi","10":"product_tag-liivi-painatuksella","11":"product_tag-painatus","12":"product_shipping_class-postipaketti","14":"first","15":"instock","16":"taxable","17":"shipping-taxable","18":"purchasable","19":"product-type-simple"},"acf":[],"aioseo_notices":[],"_links":{"self":[{"href":"https:\/\/ps.roly24.com\/index.php\/wp-json\/wp\/v2\/product\/11627","targetHints":{"allow":["GET"]}}],"collection":[{"href":"https:\/\/ps.roly24.com\/index.php\/wp-json\/wp\/v2\/product"}],"about":[{"href":"https:\/\/ps.roly24.com\/index.php\/wp-json\/wp\/v2\/types\/product"}],"version-history":[{"count":10,"href":"https:\/\/ps.roly24.com\/index.php\/wp-json\/wp\/v2\/product\/11627\/revisions"}],"predecessor-version":[{"id":22664,"href":"https:\/\/ps.roly24.com\/index.php\/wp-json\/wp\/v2\/product\/11627\/revisions\/22664"}],"wp:featuredmedia":[{"embeddable":true,"href":"https:\/\/ps.roly24.com\/index.php\/wp-json\/wp\/v2\/media\/22642"}],"wp:attachment":[{"href":"https:\/\/ps.roly24.com\/index.php\/wp-json\/wp\/v2\/media?parent=11627"}],"wp:term":[{"taxonomy":"product_brand","embeddable":true,"href":"https:\/\/ps.roly24.com\/index.php\/wp-json\/wp\/v2\/product_brand?post=11627"},{"taxonomy":"product_cat","embeddable":true,"href":"https:\/\/ps.roly24.com\/index.php\/wp-json\/wp\/v2\/product_cat?post=11627"},{"taxonomy":"product_tag","embeddable":true,"href":"https:\/\/ps.roly24.com\/index.php\/wp-json\/wp\/v2\/product_tag?post=11627"}],"curies":[{"name":"wp","href":"https:\/\/api.w.org\/{rel}","templated":true}]}}